{"id":1172,"date":"2020-02-01T10:22:15","date_gmt":"2020-02-01T07:22:15","guid":{"rendered":"http:\/\/2020.brs.org.tr\/?page_id=1172"},"modified":"2020-02-01T10:25:50","modified_gmt":"2020-02-01T07:25:50","slug":"org","status":"publish","type":"page","link":"https:\/\/2020.brs.org.tr\/index.php\/org\/","title":{"rendered":"Organization Comittee"},"content":{"rendered":"\n<p class=\"has-text-align-center\"><strong>Chair<\/strong><br><strong>Prof. Dr. Mustafa NAZIRO\u011eLU<\/strong><br>Department of Biophysics, Medical Faculty, S\u00fcleyman Demirel University<\/p>\n\n\n\n<p class=\"has-text-align-center\"><strong>Vice Chair<\/strong><br><strong>Assoc. Prof. Dr. \u00d6mer \u00c7EL\u0130K<\/strong><br>Department of Biophysics, Medical Faculty, S\u00fcleyman Demirel University<\/p>\n\n\n\n<p class=\"has-text-align-center\"><strong>Secretariat<\/strong><br><strong>Res. Assist. Ahmi \u00d6Z &amp; Ramazan \u00c7INAR<\/strong><br>Department of Biophysics, Medical Faculty, S\u00fcleyman Demirel University<\/p>\n\n\n\n<p class=\"has-text-align-center\"><strong>Accountants<\/strong><br><strong>Res. Assist.&nbsp;Kenan YILDIZHAN &amp;<\/strong><br><strong>Yener YAZ\u011eAN<\/strong><br>(Graphic Designer &amp; Webmaster)<br>Department of Biophysics, Medical Faculty, S\u00fcleyman Demirel University<\/p>\n","protected":false},"excerpt":{"rendered":"<p>ChairProf. Dr. Mustafa NAZIRO\u011eLUDepartment of Biophysics, Medical Faculty, S\u00fcleyman Demirel University Vice ChairAssoc. Prof. Dr. \u00d6mer \u00c7EL\u0130KDepartment of Biophysics, Medical Faculty, S\u00fcleyman Demirel University SecretariatRes. Assist. Ahmi \u00d6Z &amp; Ramazan \u00c7INARDepartment of Biophysics, Medical Faculty, S\u00fcleyman Demirel University AccountantsRes. Assist.&nbsp;Kenan YILDIZHAN &amp;Yener YAZ\u011eAN(Graphic Designer &amp; Webmaster)Department of Biophysics, Medical Faculty, S\u00fcleyman Demirel University<\/p>\n","protected":false},"author":1,"featured_media":0,"parent":0,"menu_order":0,"comment_status":"closed","ping_status":"closed","template":"","meta":{"footnotes":""},"class_list":["post-1172","page","type-page","status-publish","hentry"],"_links":{"self":[{"href":"https:\/\/2020.brs.org.tr\/index.php\/wp-json\/wp\/v2\/pages\/1172","targetHints":{"allow":["GET"]}}],"collection":[{"href":"https:\/\/2020.brs.org.tr\/index.php\/wp-json\/wp\/v2\/pages"}],"about":[{"href":"https:\/\/2020.brs.org.tr\/index.php\/wp-json\/wp\/v2\/types\/page"}],"author":[{"embeddable":true,"href":"https:\/\/2020.brs.org.tr\/index.php\/wp-json\/wp\/v2\/users\/1"}],"replies":[{"embeddable":true,"href":"https:\/\/2020.brs.org.tr\/index.php\/wp-json\/wp\/v2\/comments?post=1172"}],"version-history":[{"count":3,"href":"https:\/\/2020.brs.org.tr\/index.php\/wp-json\/wp\/v2\/pages\/1172\/revisions"}],"predecessor-version":[{"id":1177,"href":"https:\/\/2020.brs.org.tr\/index.php\/wp-json\/wp\/v2\/pages\/1172\/revisions\/1177"}],"wp:attachment":[{"href":"https:\/\/2020.brs.org.tr\/index.php\/wp-json\/wp\/v2\/media?parent=1172"}],"curies":[{"name":"wp","href":"https:\/\/api.w.org\/{rel}","templated":true}]}}