{"id":143,"date":"2018-07-19T22:20:57","date_gmt":"2018-07-19T19:20:57","guid":{"rendered":"http:\/\/2019.brs.org.tr\/?page_id=143"},"modified":"2020-04-17T13:15:48","modified_gmt":"2020-04-17T10:15:48","slug":"amac-ve-kapsam","status":"publish","type":"page","link":"https:\/\/2020.brs.org.tr\/index.php\/amac-ve-kapsam\/","title":{"rendered":"Ama\u00e7 ve Kapsam"},"content":{"rendered":"<p>BSN Sa\u011fl\u0131k Analiz Ltd (G\u00f6ller B\u00f6lgesi Teknokent, S\u00fcleyman Demirel \u00dcn Kamp\u00fcs\u00fc, Isparta) taraf\u0131ndan, 4. Uluslararas\u0131 Beyin Ara\u015ft\u0131rmalar\u0131 Okulu 24-30 Haziran 2019 tarihleri aras\u0131nda 22 kat\u0131l\u0131mc\u0131 ile tamamlanm\u0131\u015ft\u0131r (http:\/\/2019.brs.org.tr\/). Okul \u00f6zetleri, bir\u00e7ok indeks taraf\u0131ndan taranan \u2018Journal of Cellular Neuroscience and Oxidatives Stress dergisinde (http:\/\/dergipark.gov.tr\/jcnos)\u2019 bas\u0131lm\u0131\u015ft\u0131r.<br \/>\n5. Uluslararas\u0131 Beyin Ara\u015ft\u0131rmalar\u0131 Okulu 16 &#8211; 22 Kas\u0131m 2020 tarihleri aras\u0131nda BSN Sa\u011fl\u0131k Analiz Ltd taraf\u0131ndan Isparta Teknokent (Teknokent, SD\u00dc Kamp\u00fcs) d\u00fczenlenecektir (https:\/\/2020.brs.org.tr\/). 5. Uluslararas\u0131 Beyin Ara\u015ft\u0131rmalar\u0131 Okulunda, sinir h\u00fccreleri h\u00fccre k\u00fclt\u00fcr\u00fc ortam\u0131nda Patch-Clamp elektrofizyoloji, Western Blot, plate reader, Kalsiyum Sinyali ve konfokal mikroskop analizleri \u00f6\u011fretilecektir. Okulda yeni projeler ve ara\u015ft\u0131rmalar yapabilmek i\u00e7in konular\u0131nda uzman yabanc\u0131 bilim insanlar\u0131 ile tan\u0131\u015fma, bilgi al\u0131\u015f-veri\u015fi gibi faaliyetler yap\u0131lacakt\u0131r. Kat\u0131l\u0131mc\u0131lara deney hayvanlar\u0131nda n\u00f6ropatik a\u011fr\u0131 olu\u015fturma ve \u00f6l\u00e7me teknikleri (hot plate ve Von Frey), ve sinir h\u00fccresi elde edilmesi (arka k\u00f6k gangliyon h\u00fccreleri, mikroglia ve hipokampus) de anlat\u0131lacakt\u0131r. Okul s\u0131ras\u0131nda bir\u00e7ok sosyal faaliyetlerde (Hal\u0131-Kilim M\u00fczesi ziyareti, E\u011firdir gezisi ve tarihi yerler, mangal partisi vb) d\u00fczenlenecektir. Uzman veya doktor unvan\u0131na sahip olan bilim insanlar\u0131 s\u00f6zl\u00fc sunum yaparak do\u00e7entlik ba\u015fvuru \u015fartlar\u0131n\u0131 sa\u011flamak ve performans puan\u0131 kazanmalar\u0131 m\u00fcmk\u00fcnd\u00fcr.<\/p>\n<p>Okul kontenjan ile s\u0131n\u0131rl\u0131d\u0131r.<\/p>\n<p>Bug\u00fcne kadar 1., 2. , 3.\u00a0 ve 4. Beyin Okullar\u0131na kat\u0131lan bilim insanlar\u0131ndan okulumuzun zengin sosyal ve bilimsel etkinlikleri hakk\u0131nda detayl\u0131 bilgi alabilirsiniz.<\/p>\n<p>G\u00fcller diyar\u0131 Isparta\u2019da g\u00f6r\u00fc\u015fmek \u00fcmidi ile. Sayg\u0131lar\u0131m\u0131zla.<\/p>\n<p>D\u00fczenleme Kurulu Ad\u0131na<br \/>\nProf. Dr. Mustafa NAZIRO\u011eLU<\/p>\n","protected":false},"excerpt":{"rendered":"<p>BSN Sa\u011fl\u0131k Analiz Ltd (G\u00f6ller B\u00f6lgesi Teknokent, S\u00fcleyman Demirel \u00dcn Kamp\u00fcs\u00fc, Isparta) taraf\u0131ndan, 4. Uluslararas\u0131 Beyin Ara\u015ft\u0131rmalar\u0131 Okulu 24-30 Haziran 2019 tarihleri aras\u0131nda 22 kat\u0131l\u0131mc\u0131 ile tamamlanm\u0131\u015ft\u0131r (http:\/\/2019.brs.org.tr\/). Okul \u00f6zetleri, bir\u00e7ok indeks taraf\u0131ndan taranan \u2018Journal of Cellular Neuroscience and Oxidatives Stress dergisinde (http:\/\/dergipark.gov.tr\/jcnos)\u2019 bas\u0131lm\u0131\u015ft\u0131r. 5. Uluslararas\u0131 Beyin Ara\u015ft\u0131rmalar\u0131 Okulu 16 &#8211; 22 Kas\u0131m 2020 tarihleri aras\u0131nda BSN Sa\u011fl\u0131k Analiz Ltd taraf\u0131ndan Isparta Teknokent (Teknokent, SD\u00dc Kamp\u00fcs) d\u00fczenlenecektir (https:\/\/2020.brs.org.tr\/). 5. Uluslararas\u0131&hellip; <\/p>\n","protected":false},"author":1,"featured_media":0,"parent":0,"menu_order":0,"comment_status":"closed","ping_status":"closed","template":"","meta":{"footnotes":""},"class_list":["post-143","page","type-page","status-publish","hentry"],"_links":{"self":[{"href":"https:\/\/2020.brs.org.tr\/index.php\/wp-json\/wp\/v2\/pages\/143","targetHints":{"allow":["GET"]}}],"collection":[{"href":"https:\/\/2020.brs.org.tr\/index.php\/wp-json\/wp\/v2\/pages"}],"about":[{"href":"https:\/\/2020.brs.org.tr\/index.php\/wp-json\/wp\/v2\/types\/page"}],"author":[{"embeddable":true,"href":"https:\/\/2020.brs.org.tr\/index.php\/wp-json\/wp\/v2\/users\/1"}],"replies":[{"embeddable":true,"href":"https:\/\/2020.brs.org.tr\/index.php\/wp-json\/wp\/v2\/comments?post=143"}],"version-history":[{"count":12,"href":"https:\/\/2020.brs.org.tr\/index.php\/wp-json\/wp\/v2\/pages\/143\/revisions"}],"predecessor-version":[{"id":1251,"href":"https:\/\/2020.brs.org.tr\/index.php\/wp-json\/wp\/v2\/pages\/143\/revisions\/1251"}],"wp:attachment":[{"href":"https:\/\/2020.brs.org.tr\/index.php\/wp-json\/wp\/v2\/media?parent=143"}],"curies":[{"name":"wp","href":"https:\/\/api.w.org\/{rel}","templated":true}]}}