{"id":147,"date":"2018-07-19T22:23:13","date_gmt":"2018-07-19T19:23:13","guid":{"rendered":"http:\/\/2019.brs.org.tr\/?page_id=147"},"modified":"2020-02-01T10:14:58","modified_gmt":"2020-02-01T07:14:58","slug":"duzenleme-kurulu","status":"publish","type":"page","link":"https:\/\/2020.brs.org.tr\/index.php\/duzenleme-kurulu\/","title":{"rendered":"D\u00fczenleme Kurulu"},"content":{"rendered":"<p style=\"text-align: center;\"><strong>Ba\u015fkan<\/strong><br \/>\n<strong>Prof. Dr. Mustafa NAZIRO\u011eLU<\/strong><br \/>\nS\u00fcleyman Demirel \u00dcniversitesi T\u0131p Fak\u00fcltesi Biyofizik A.D. Isparta, T\u00fcrkiye<\/p>\n<p style=\"text-align: center;\"><strong>Ba\u015fkan Yard\u0131mc\u0131s\u0131<\/strong><br \/>\n<strong>Do\u00e7. Dr. \u00d6mer \u00c7EL\u0130K<\/strong><br \/>\nS\u00fcleyman Demirel \u00dcniversitesi T\u0131p Fak\u00fcltesi Biyofizik A.D. Isparta, T\u00fcrkiye<\/p>\n<p style=\"text-align: center;\"><strong>Sekretarya<\/strong><br \/>\n<strong>Ar\u015f. G\u00f6r. Ahmi \u00d6Z &amp; Ramazan \u00c7INAR<\/strong><br \/>\nS\u00fcleyman Demirel \u00dcniversitesi T\u0131p Fak\u00fcltesi Biyofizik A.D. Isparta, T\u00fcrkiye<\/p>\n<p style=\"text-align: center;\"><strong>Mali Sorumlu<\/strong><br \/>\n<strong>Ar\u015f. G\u00f6r. Kenan YILDIZHAN<\/strong> &amp;<br \/>\n<strong>Yener YAZ\u011eAN<\/strong><br \/>\n(Graphic Designer &amp; Webmaster)<br \/>\nS\u00fcleyman Demirel \u00dcniversitesi T\u0131p Fak\u00fcltesi Biyofizik A.D. Isparta, T\u00fcrkiye<\/p>\n","protected":false},"excerpt":{"rendered":"<p>Ba\u015fkan Prof. Dr. Mustafa NAZIRO\u011eLU S\u00fcleyman Demirel \u00dcniversitesi T\u0131p Fak\u00fcltesi Biyofizik A.D. Isparta, T\u00fcrkiye Ba\u015fkan Yard\u0131mc\u0131s\u0131 Do\u00e7. Dr. \u00d6mer \u00c7EL\u0130K S\u00fcleyman Demirel \u00dcniversitesi T\u0131p Fak\u00fcltesi Biyofizik A.D. Isparta, T\u00fcrkiye Sekretarya Ar\u015f. G\u00f6r. Ahmi \u00d6Z &amp; Ramazan \u00c7INAR S\u00fcleyman Demirel \u00dcniversitesi T\u0131p Fak\u00fcltesi Biyofizik A.D. Isparta, T\u00fcrkiye Mali Sorumlu Ar\u015f. G\u00f6r. Kenan YILDIZHAN &amp; Yener YAZ\u011eAN (Graphic Designer &amp; Webmaster) S\u00fcleyman Demirel \u00dcniversitesi T\u0131p Fak\u00fcltesi Biyofizik A.D. Isparta, T\u00fcrkiye<\/p>\n","protected":false},"author":1,"featured_media":0,"parent":0,"menu_order":0,"comment_status":"closed","ping_status":"closed","template":"","meta":{"footnotes":""},"class_list":["post-147","page","type-page","status-publish","hentry"],"_links":{"self":[{"href":"https:\/\/2020.brs.org.tr\/index.php\/wp-json\/wp\/v2\/pages\/147","targetHints":{"allow":["GET"]}}],"collection":[{"href":"https:\/\/2020.brs.org.tr\/index.php\/wp-json\/wp\/v2\/pages"}],"about":[{"href":"https:\/\/2020.brs.org.tr\/index.php\/wp-json\/wp\/v2\/types\/page"}],"author":[{"embeddable":true,"href":"https:\/\/2020.brs.org.tr\/index.php\/wp-json\/wp\/v2\/users\/1"}],"replies":[{"embeddable":true,"href":"https:\/\/2020.brs.org.tr\/index.php\/wp-json\/wp\/v2\/comments?post=147"}],"version-history":[{"count":4,"href":"https:\/\/2020.brs.org.tr\/index.php\/wp-json\/wp\/v2\/pages\/147\/revisions"}],"predecessor-version":[{"id":1170,"href":"https:\/\/2020.brs.org.tr\/index.php\/wp-json\/wp\/v2\/pages\/147\/revisions\/1170"}],"wp:attachment":[{"href":"https:\/\/2020.brs.org.tr\/index.php\/wp-json\/wp\/v2\/media?parent=147"}],"curies":[{"name":"wp","href":"https:\/\/api.w.org\/{rel}","templated":true}]}}