{"id":172,"date":"2018-07-19T22:41:23","date_gmt":"2018-07-19T19:41:23","guid":{"rendered":"http:\/\/2019.brs.org.tr\/?page_id=172"},"modified":"2020-04-17T13:13:20","modified_gmt":"2020-04-17T10:13:20","slug":"ozet-bilgisi","status":"publish","type":"page","link":"https:\/\/2020.brs.org.tr\/index.php\/ozet-bilgisi\/","title":{"rendered":"\u00d6zet Bilgisi"},"content":{"rendered":"<p>Kongremize Son \u00d6zet G\u00f6nderim Tarihi <strong>20 Ekim 2020<\/strong>&#8216;d\u0131r!<br \/>\n\u00d6zetlerinizi form \u00fczerindeki dosya y\u00fckleyici vas\u0131tas\u0131yla g\u00f6nderebilirsiniz.<br \/>\nBir kat\u0131l\u0131m \u00fccretiyle, en fazla iki adet poster sunulabilir.<br \/>\nBilim kurulunun kabul\u00fc durumunda, bir kat\u0131l\u0131m \u00fccretiyle en fazla bir s\u00f6zl\u00fc sunum ve bir poster sunumu yapabilir.<br \/>\nDikkat Edilecek Hususlar<br \/>\n-\u00d6zetler ama\u00e7, materyal, metod, sonu\u00e7lar ve tart\u0131\u015fma k\u0131s\u0131mlar\u0131n\u0131 i\u00e7ermeli ve ikiy\u00fczelli kelimeyi ge\u00e7memelidir..<br \/>\n-Yaz\u0131 matbu formdaki \u00e7izgiler i\u00e7inde kalmal\u0131d\u0131r.<br \/>\n-Yaz\u0131 bilgisayar ile yaz\u0131lmal\u0131d\u0131r.<br \/>\n-Ba\u015fl\u0131k k\u00fc\u00e7\u00fck harfle yaz\u0131lacakt\u0131r.<br \/>\n-Soyad\u0131 ve ismin ba\u015f harfleri b\u00fcy\u00fck ve ba\u015fl\u0131\u011f\u0131n alt\u0131nda yer almal\u0131d\u0131r.<br \/>\n-Yazar\u0131n ait oldu\u011fu kurum bir sat\u0131r ara ile devam etmelidir.<br \/>\n-Bildirilerin ba\u015fvuru sayfas\u0131na uygun formatta g\u00f6nderilmesi \u00f6nem ta\u015f\u0131maktad\u0131r.<br \/>\n-\u00d6zetler bilim kurulu taraf\u0131ndan de\u011ferlendirilecektir.<\/p>\n<p><strong>Poster Hakk\u0131nda Bilgiler<\/strong><br \/>\n-Poster \u00f6zetlerini son g\u00f6nderme tarihi: 20.10.2020.<br \/>\n-\u00d6zet formlar\u0131n\u0131n kongre kitap\u00e7\u0131\u011f\u0131nda yer alabilmesi i\u00e7in bildiri formlar\u0131n\u0131n eksiksiz doldurularak bir kopyas\u0131n\u0131n diskette kongre bilimsel sekreterli\u011fine g\u00f6nderilmesi gerekmektedir (Online \u00f6zet g\u00f6ndermeyenler i\u00e7in).<br \/>\n-Posterler 70 x 90 cm.boyutunda ve dikey as\u0131lmak \u00fczere haz\u0131rlanmal\u0131d\u0131r.<br \/>\n-Posterlerde; Ba\u015fl\u0131k, yazarlar\u0131n isimleri ve kurumlar\u0131 belirtilmelidir.<br \/>\n-\u00d6zetler ama\u00e7, materyal, metod, sonu\u00e7lar ve tart\u0131\u015fma k\u0131s\u0131mlar\u0131n\u0131 i\u00e7ermeli ve ikiy\u00fczelli kelimeyi ge\u00e7memelidir.<br \/>\n-Posterler kongre s\u00fcresince as\u0131l\u0131 kalacakt\u0131r.<br \/>\n-Poster asmak i\u00e7in gerekli malzemeler, poster salonlar\u0131nda mevcut olacakt\u0131r.<br \/>\n-Bildiri sahibinin e-mail adresi yaz\u0131lmal\u0131.<\/p>\n<p><a href=\"http:\/\/2019.brs.org.tr\/wp-content\/uploads\/2018\/07\/abstract.docx\">\u00d6rnek Bildiri \u00d6zeti i\u00e7in T\u0131klay\u0131n\u0131z&#8230;<\/a><\/p>\n<p><strong>Kaynak Yaz\u0131m\u0131na \u00d6rnekler<\/strong><br \/>\n<strong>Makale kaynak yazim \u00d6rnegi:<\/strong><\/p>\n<p>Bird GS, DeHaven WI, Smyth JT, Putney JW Jr. 2008. Methods for studying store-operated calcium entry. Methods. 46:204-212.<\/p>\n<p><strong>Kitap Kaynak Yazim \u00d6rnegi:<\/strong><\/p>\n<p>Naz\u0131ro\u011flu M. 2007. Molecular Mechanisms of Vitamin E on Intracellular Signalling Pathways in Brain. In: Goth L, editor. Reactive Oxygen Species and Diseases, Research Signpost Press: Kerala, India. pp 239-256.<\/p>\n","protected":false},"excerpt":{"rendered":"<p>Kongremize Son \u00d6zet G\u00f6nderim Tarihi 20 Ekim 2020&#8216;d\u0131r! \u00d6zetlerinizi form \u00fczerindeki dosya y\u00fckleyici vas\u0131tas\u0131yla g\u00f6nderebilirsiniz. Bir kat\u0131l\u0131m \u00fccretiyle, en fazla iki adet poster sunulabilir. Bilim kurulunun kabul\u00fc durumunda, bir kat\u0131l\u0131m \u00fccretiyle en fazla bir s\u00f6zl\u00fc sunum ve bir poster sunumu yapabilir. Dikkat Edilecek Hususlar -\u00d6zetler ama\u00e7, materyal, metod, sonu\u00e7lar ve tart\u0131\u015fma k\u0131s\u0131mlar\u0131n\u0131 i\u00e7ermeli ve ikiy\u00fczelli kelimeyi ge\u00e7memelidir.. -Yaz\u0131 matbu formdaki \u00e7izgiler i\u00e7inde kalmal\u0131d\u0131r. -Yaz\u0131 bilgisayar ile yaz\u0131lmal\u0131d\u0131r. -Ba\u015fl\u0131k k\u00fc\u00e7\u00fck harfle&hellip; <\/p>\n","protected":false},"author":1,"featured_media":0,"parent":0,"menu_order":0,"comment_status":"closed","ping_status":"closed","template":"","meta":{"footnotes":""},"class_list":["post-172","page","type-page","status-publish","hentry"],"_links":{"self":[{"href":"https:\/\/2020.brs.org.tr\/index.php\/wp-json\/wp\/v2\/pages\/172","targetHints":{"allow":["GET"]}}],"collection":[{"href":"https:\/\/2020.brs.org.tr\/index.php\/wp-json\/wp\/v2\/pages"}],"about":[{"href":"https:\/\/2020.brs.org.tr\/index.php\/wp-json\/wp\/v2\/types\/page"}],"author":[{"embeddable":true,"href":"https:\/\/2020.brs.org.tr\/index.php\/wp-json\/wp\/v2\/users\/1"}],"replies":[{"embeddable":true,"href":"https:\/\/2020.brs.org.tr\/index.php\/wp-json\/wp\/v2\/comments?post=172"}],"version-history":[{"count":10,"href":"https:\/\/2020.brs.org.tr\/index.php\/wp-json\/wp\/v2\/pages\/172\/revisions"}],"predecessor-version":[{"id":1248,"href":"https:\/\/2020.brs.org.tr\/index.php\/wp-json\/wp\/v2\/pages\/172\/revisions\/1248"}],"wp:attachment":[{"href":"https:\/\/2020.brs.org.tr\/index.php\/wp-json\/wp\/v2\/media?parent=172"}],"curies":[{"name":"wp","href":"https:\/\/api.w.org\/{rel}","templated":true}]}}