{"id":243,"date":"2018-07-19T23:33:48","date_gmt":"2018-07-19T20:33:48","guid":{"rendered":"http:\/\/2019.brs.org.tr\/?page_id=243"},"modified":"2022-01-09T10:08:05","modified_gmt":"2022-01-09T07:08:05","slug":"kayit","status":"publish","type":"page","link":"https:\/\/2020.brs.org.tr\/index.php\/kayit\/","title":{"rendered":"Kay\u0131t"},"content":{"rendered":"<p><strong>Kay\u0131t \u00dccretine Dahil Olanlar:<\/strong><br \/>\n\u00dcniversitede 2 \u00f6\u011f\u00fcn (\u00f6\u011fle ve ak\u015fam) yemek<br \/>\nServis<br \/>\n\u00c7ay-Kahve ikramlar\u0131 ve ekstralar (kuru pasta, meyve vb)<br \/>\nGeziler ve M\u00fcze Giri\u015f \u00dccretleri (E\u011firdir g\u00f6l\u00fc, kilim m\u00fczesi, \u015fehir i\u00e7i tarihi yerler ve g\u00f6lc\u00fck krater g\u00f6l\u00fc gezileri)<br \/>\nLaboratuvar sarf malzemeleri<br \/>\nDeney hayvanlar\u0131 masraflar\u0131<br \/>\nYaz\u0131l\u0131 ve bas\u0131l\u0131 giderler ve \u00e7anta<br \/>\n\u00d6\u011fretim \u00fcyesi ders \u00fccretleri<\/p>\n<p><span style=\"color: #ff0000;\">Fiyatlara KDV (%8) dahil de\u011fildir.<\/span><\/p>\n<p>16 Eyl\u00fcl 2020 tarihine kadar yaz\u0131l\u0131 olarak bildirildi\u011fi takdirde kay\u0131t \u00fccretinin % 50 si iade edilir. Bu tarihten sonra yap\u0131lacak kay\u0131t iptallerinde iade yap\u0131lmayacakt\u0131r. T\u00fcm iade \u00f6demeleri okul bitiminden sonra yap\u0131lacakt\u0131r.<\/p>\n<p><strong>S\u00f6zl\u00fc Sunumlar<\/strong><\/p>\n<p>Uzman veya doktor unvan\u0131na sahip olan bilim insanlar\u0131 s\u00f6zl\u00fc sunum yaparak do\u00e7entlik ba\u015fvuru \u015fartlar\u0131n\u0131 sa\u011flamak ve performans puan\u0131 kazanmak m\u00fcmk\u00fcnd\u00fcr.<\/p>\n<h2>Kay\u0131t \u00dccretleri<\/h2>\n<p><span style=\"color: #ff0000;\"><strong>Not: 15 Nisan 2020 ye kadar \u00f6deme yapm\u0131\u015f olanlar i\u00e7in eski fiyatlar ge\u00e7erlidir.<\/strong> <\/span><\/p>\n<p><strong>Banka Hesap Bilgileri<\/strong><\/p>\n<p>BSN SA\u011eLIK ANAL\u0130Z ARGE DANI\u015eM. ORGAN\u0130Z. TARIM SAN. VE T\u0130C. LTD \u015eT\u0130<\/p>\n<p>G\u00f6ller B\u00f6lgesi Teknokenti, \u00c7\u00fcn\u00fcr Mah. 102. Cadde No: 252\/215, Isparta<\/p>\n<p>Tel: 0246 237 18 00<\/p>\n<p>Ziraat Bankas\u0131 G\u00fclkent \/ Isparta \u015eubesi<\/p>\n<p>\u015eube Kodu: 2720 Hesap no: 81807202<\/p>\n<p>IBAN: TR39 0001 0027 2081 8072 0250 01<\/p>\n<p><strong>Davet Mektubu<\/strong><\/p>\n<p>Okul kat\u0131l\u0131m\u0131 i\u00e7in kurumlara verilmek \u00fczere talep edilecek okul davet yaz\u0131lar\u0131 Okul Sekreterli\u011fi arac\u0131l\u0131\u011f\u0131 ile isteyen kat\u0131l\u0131mc\u0131lara g\u00f6nderilecektir (Fazla say\u0131da kat\u0131l\u0131mc\u0131 istihdam eden kurumlara merkezi izin yaz\u0131s\u0131 yaz\u0131lacakt\u0131r.) Bu t\u00fcr davet yaz\u0131lar\u0131 sadece izin amac\u0131 ile kullan\u0131labilir. Bu t\u00fcr davet mektubu sahibi misafirlerin kay\u0131t ve konaklama \u00fccretleri kendilerine aittir.<\/p>\n<h2>Kay\u0131t Formu<\/h2>\n<p><a href=\"https:\/\/2020.brs.org.tr\/wp-content\/uploads\/2020\/09\/BRS-Kayit-Form.docx\">Formu indiriniz<\/a><\/p>\n<div class=\"caldera-grid\" id=\"caldera_form_1\" data-cf-ver=\"1.9.5\" data-cf-form-id=\"CF5b433916d4c33\"><div id=\"caldera_notices_1\" data-spinner=\"https:\/\/2020.brs.org.tr\/wp-admin\/images\/spinner.gif\"><\/div><form data-instance=\"1\" class=\"CF5b433916d4c33 caldera_forms_form cfajax-trigger\" method=\"POST\" enctype=\"multipart\/form-data\" id=\"CF5b433916d4c33_1\" data-form-id=\"CF5b433916d4c33\" aria-label=\"kay\u0131t formu\" data-target=\"#caldera_notices_1\" data-template=\"#cfajax_CF5b433916d4c33-tmpl\" data-cfajax=\"CF5b433916d4c33\" data-load-element=\"_parent\" data-load-class=\"cf_processing\" data-post-disable=\"0\" data-action=\"cf_process_ajax_submit\" data-request=\"https:\/\/2020.brs.org.tr\/cf-api\/CF5b433916d4c33\" data-hiderows=\"true\">\r\n<input type=\"hidden\" id=\"_cf_verify_CF5b433916d4c33\" name=\"_cf_verify\" value=\"91d4de40e5\"  data-nonce-time=\"1776321655\" \/><input type=\"hidden\" name=\"_wp_http_referer\" value=\"\/index.php\/wp-json\/wp\/v2\/pages\/243\" \/><div id=\"cf2-CF5b433916d4c33_1\"><\/div><input type=\"hidden\" name=\"_cf_frm_id\" value=\"CF5b433916d4c33\">\r\n<input type=\"hidden\" name=\"_cf_frm_ct\" value=\"1\">\r\n<input type=\"hidden\" name=\"cfajax\" value=\"CF5b433916d4c33\">\r\n<input type=\"hidden\" name=\"_cf_cr_pst\" value=\"243\">\r\n<div class=\"hide\" style=\"display:none; overflow:hidden;height:0;width:0;\">\r\n<label>Twitter<\/label><input type=\"text\" name=\"twitter\" value=\"\" autocomplete=\"off\">\r\n<\/div><div id=\"CF5b433916d4c33_1-row-1\"  class=\"row  first_row\"><div  class=\"col-sm-12  single\"><div class=\"\"><h2>Kay\u0131t Detaylar\u0131<\/h2>\n<hr>\n<\/div><\/div><\/div><div id=\"CF5b433916d4c33_1-row-2\"  class=\"row \"><div  class=\"col-sm-4  first_col\"><div data-field-wrapper=\"fld_8768091\" class=\"form-group\" id=\"fld_8768091_1-wrap\">\r\n\t<label id=\"fld_8768091Label\" for=\"fld_8768091_1\" class=\"control-label\">Ad\u0131n\u0131z <span aria-hidden=\"true\" role=\"presentation\" class=\"field_required\" style=\"color:#ee0000;\">*<\/span><\/label>\r\n\t<div class=\"\">\r\n\t\t<input   required type=\"text\" data-field=\"fld_8768091\" class=\" form-control\" id=\"fld_8768091_1\" name=\"fld_8768091\" value=\"\" data-type=\"text\" aria-required=\"true\"   aria-labelledby=\"fld_8768091Label\" >\t\t\t<\/div>\r\n<\/div>\r\n<\/div><div  class=\"col-sm-4 \"><div data-field-wrapper=\"fld_9970286\" class=\"form-group\" id=\"fld_9970286_1-wrap\">\r\n\t<label id=\"fld_9970286Label\" for=\"fld_9970286_1\" class=\"control-label\">Soyad\u0131n\u0131z <span aria-hidden=\"true\" role=\"presentation\" class=\"field_required\" style=\"color:#ee0000;\">*<\/span><\/label>\r\n\t<div class=\"\">\r\n\t\t<input   required type=\"text\" data-field=\"fld_9970286\" class=\" form-control\" id=\"fld_9970286_1\" name=\"fld_9970286\" value=\"\" data-type=\"text\" aria-required=\"true\"   aria-labelledby=\"fld_9970286Label\" >\t\t\t<\/div>\r\n<\/div>\r\n<\/div><div  class=\"col-sm-4  last_col\"><div data-field-wrapper=\"fld_6009157\" class=\"form-group\" id=\"fld_6009157_1-wrap\">\r\n\t<label id=\"fld_6009157Label\" for=\"fld_6009157_1\" class=\"control-label\">E-posta Adresi <span aria-hidden=\"true\" role=\"presentation\" class=\"field_required\" style=\"color:#ee0000;\">*<\/span><\/label>\r\n\t<div class=\"\">\r\n\t\t<input   required type=\"email\" data-field=\"fld_6009157\" class=\" form-control\" id=\"fld_6009157_1\" name=\"fld_6009157\" value=\"\" data-type=\"email\" aria-required=\"true\"   aria-labelledby=\"fld_6009157Label\" >\t\t\t<\/div>\r\n<\/div>\r\n<\/div><\/div><div id=\"CF5b433916d4c33_1-row-3\"  class=\"row \"><div  class=\"col-sm-4  first_col\"><div data-field-wrapper=\"fld_1241258\" class=\"form-group\" id=\"fld_1241258_1-wrap\">\r\n\t<label id=\"fld_1241258Label\" for=\"fld_1241258_1\" class=\"control-label\">Kay\u0131t Formu (PDF) <span aria-hidden=\"true\" role=\"presentation\" class=\"field_required\" style=\"color:#ee0000;\">*<\/span><\/label>\r\n\t<div class=\"file-prevent-overflow\">\r\n\t\t<div id=\"fld_1241258_1_file_list\" class=\"cf-multi-uploader-list\"><\/div>\n\t\t\t\t<input type=\"file\" name=\"fld_1241258\" value=\"\" data-field=\"fld_1241258\" class=\"\" id=\"fld_1241258_1\" data-controlid=\"trupl69e084776942e\"   required=\"required\"   aria-labelledby=\"fld_1241258Label\">\n\t\t<input type=\"hidden\" name=\"fld_1241258\" value=\"trupl69e084776942e\">\n\t\t\t<\/div>\r\n<\/div>\r\n<\/div><div  class=\"col-sm-4 \"><div data-field-wrapper=\"fld_1443173\" class=\"form-group\" id=\"fld_1443173_1-wrap\">\r\n\t<label id=\"fld_1443173Label\" for=\"fld_1443173_1\" class=\"control-label\">\u00d6zetiniz<\/label>\r\n\t<div class=\"file-prevent-overflow\">\r\n\t\t<div id=\"fld_1443173_1_file_list\" class=\"cf-multi-uploader-list\"><\/div>\n\t\t\t\t<input type=\"file\" name=\"fld_1443173\" value=\"\" data-field=\"fld_1443173\" class=\"\" id=\"fld_1443173_1\" data-controlid=\"trupl69e08477694c9\"      aria-labelledby=\"fld_1443173Label\">\n\t\t<input type=\"hidden\" name=\"fld_1443173\" value=\"trupl69e08477694c9\">\n\t\t\t<\/div>\r\n<\/div>\r\n<\/div><div  class=\"col-sm-4  last_col\"><div data-field-wrapper=\"fld_5222959\" class=\"form-group\" id=\"fld_5222959_1-wrap\">\r\n\t<label id=\"fld_5222959Label\" for=\"fld_5222959_1\" class=\"control-label\">Dekont (PDF) <span aria-hidden=\"true\" role=\"presentation\" class=\"field_required\" style=\"color:#ee0000;\">*<\/span><\/label>\r\n\t<div class=\"file-prevent-overflow\">\r\n\t\t<div id=\"fld_5222959_1_file_list\" class=\"cf-multi-uploader-list\"><\/div>\n\t\t\t\t<input type=\"file\" name=\"fld_5222959\" value=\"\" data-field=\"fld_5222959\" class=\"\" id=\"fld_5222959_1\" data-controlid=\"trupl69e084776954f\"   required=\"required\"   aria-labelledby=\"fld_5222959Label\">\n\t\t<input type=\"hidden\" name=\"fld_5222959\" value=\"trupl69e084776954f\">\n\t\t\t<\/div>\r\n<\/div>\r\n<\/div><\/div><div id=\"CF5b433916d4c33_1-row-4\"  class=\"row \"><div  class=\"col-sm-12  single\"><div data-field-wrapper=\"fld_7683514\" class=\"form-group\" id=\"fld_7683514_1-wrap\">\r\n\t<label id=\"fld_7683514Label\" for=\"fld_7683514_1\" class=\"control-label\">A\u00e7\u0131klama<\/label>\r\n\t<div class=\"\">\r\n\t\t<textarea name=\"fld_7683514\" value=\"\" data-field=\"fld_7683514\" class=\"form-control\" id=\"fld_7683514_1\" rows=\"7\"    aria-labelledby=\"fld_7683514Label\" ><\/textarea>\n\t\t\t<\/div>\r\n<\/div>\r\n<\/div><\/div><div id=\"CF5b433916d4c33_1-row-5\"  class=\"row  last_row\"><div  class=\"col-sm-12  single\"><div data-field-wrapper=\"fld_7908577\" class=\"form-group\" id=\"fld_7908577_1-wrap\">\r\n<div class=\"\">\r\n\t<input  class=\"btn btn-default\" type=\"submit\" name=\"fld_7908577\" id=\"fld_7908577_1\" value=\"Kay\u0131t ol\" data-field=\"fld_7908577\"  >\n<\/div>\r\n<\/div>\r\n\t<input class=\"button_trigger_1\" type=\"hidden\" name=\"fld_7908577\" id=\"fld_7908577_1_btn\" value=\"\" data-field=\"fld_7908577\"  \/>\n<\/div><\/div><\/form>\r\n<\/div>\r\n\n","protected":false},"excerpt":{"rendered":"<p>Kay\u0131t \u00dccretine Dahil Olanlar: \u00dcniversitede 2 \u00f6\u011f\u00fcn (\u00f6\u011fle ve ak\u015fam) yemek Servis \u00c7ay-Kahve ikramlar\u0131 ve ekstralar (kuru pasta, meyve vb) Geziler ve M\u00fcze Giri\u015f \u00dccretleri (E\u011firdir g\u00f6l\u00fc, kilim m\u00fczesi, \u015fehir i\u00e7i tarihi yerler ve g\u00f6lc\u00fck krater g\u00f6l\u00fc gezileri) Laboratuvar sarf malzemeleri Deney hayvanlar\u0131 masraflar\u0131 Yaz\u0131l\u0131 ve bas\u0131l\u0131 giderler ve \u00e7anta \u00d6\u011fretim \u00fcyesi ders \u00fccretleri Fiyatlara KDV (%8) dahil de\u011fildir. 16 Eyl\u00fcl 2020 tarihine kadar yaz\u0131l\u0131 olarak bildirildi\u011fi takdirde kay\u0131t \u00fccretinin&hellip; <\/p>\n","protected":false},"author":1,"featured_media":0,"parent":0,"menu_order":0,"comment_status":"closed","ping_status":"closed","template":"layouts\/page-fullwidth.php","meta":{"footnotes":""},"class_list":["post-243","page","type-page","status-publish","hentry"],"_links":{"self":[{"href":"https:\/\/2020.brs.org.tr\/index.php\/wp-json\/wp\/v2\/pages\/243","targetHints":{"allow":["GET"]}}],"collection":[{"href":"https:\/\/2020.brs.org.tr\/index.php\/wp-json\/wp\/v2\/pages"}],"about":[{"href":"https:\/\/2020.brs.org.tr\/index.php\/wp-json\/wp\/v2\/types\/page"}],"author":[{"embeddable":true,"href":"https:\/\/2020.brs.org.tr\/index.php\/wp-json\/wp\/v2\/users\/1"}],"replies":[{"embeddable":true,"href":"https:\/\/2020.brs.org.tr\/index.php\/wp-json\/wp\/v2\/comments?post=243"}],"version-history":[{"count":36,"href":"https:\/\/2020.brs.org.tr\/index.php\/wp-json\/wp\/v2\/pages\/243\/revisions"}],"predecessor-version":[{"id":1410,"href":"https:\/\/2020.brs.org.tr\/index.php\/wp-json\/wp\/v2\/pages\/243\/revisions\/1410"}],"wp:attachment":[{"href":"https:\/\/2020.brs.org.tr\/index.php\/wp-json\/wp\/v2\/media?parent=243"}],"curies":[{"name":"wp","href":"https:\/\/api.w.org\/{rel}","templated":true}]}}